{"id":100,"date":"2017-09-08T12:34:12","date_gmt":"2017-09-08T12:34:12","guid":{"rendered":"http:\/\/caritas-srem.rs\/?page_id=100"},"modified":"2018-09-06T19:38:41","modified_gmt":"2018-09-06T19:38:41","slug":"projekat-2-migrantska-kriza","status":"publish","type":"page","link":"https:\/\/caritas-srem.rs\/?page_id=100","title":{"rendered":"Projekat Migrantska kriza"},"content":{"rendered":"<p>U posljednjih desetak godina svjetska javnost je svjedokom jedne od najve\u0107ih migracija stanovni\u0161tva u novije doba koja je uzrokovana brojnih ratnim sukobima na prostorima Bliskog Istoka i Afrike.<\/p>\n<p><!--more--><\/p>\n<p>Europa je posebno suo\u010dena sa sve ve\u0107im prilivom ljudi koji bje\u017ee od rata i tra\u017ee uto\u010di\u0161te u sigurnosti europskih dr\u017eava. Ta tzv. migrantska kriza do\u017eivljava svoj vrhunac tokom 2015. i 2016. godine a sa sobom nosi brojne humanitarne izazove.<\/p>\n<p>Caritas Srijem, zajedno sa svojim partnerima Caritasom Internacionalis, Caritasom Italije, Caritasom Njema\u010dke, Ministarstvom vanjskih poslova Njema\u010dke, veleposlanstvom Kraljevine Norve\u0161ke u Beogradu i Grupom 484, ve\u0107 godinama poku\u0161ava da odgovori na te izazove razli\u010ditim aktivnostima.<\/p>\n<p>Od 2015. godine sprovodi program pomo\u0107i izbjeglicama na tzv. balkanskoj ruti, na teritoriji Srijema, u prihvatnim centrima Ada\u0161evci i Principovac.<\/p>\n<p>Svakodnevno se djele obroci, osigurana je odje\u0107a, higijenska sredstva i otvorena ve\u0161ernica kupovinom ma\u0161ina za pranje ve\u0161a. Volonteri Caritasa Srijem, tako\u0111er, svakodnevno rade sa izbjeglicama, poma\u017eu im da ispune svoje vrijeme i poku\u0161avaju im omogu\u0107iti uvjete za kvalitetan \u017eivot dok se nalaze u centrima. Organiziraju se radionice za izradu razli\u010ditih ru\u010dnih radova za \u017eene, osmi\u0161ljene su i kreativne radionice za djecu sa kojima rade animatori volonteri. Omogu\u0107eno je i bavljenje sportom na igrali\u0161tu za najmla\u0111e i sportskom terenu koji su podignuti uz Caritasovu pomo\u0107. Onima koji \u017eele omogu\u0107eno je u\u010denje srpskog i engleskog jezika.<\/p>\n ","protected":false},"excerpt":{"rendered":"<p>U posljednjih desetak godina svjetska javnost je svjedokom jedne od najve\u0107ih migracija stanovni\u0161tva u novije doba koja je uzrokovana brojnih ratnim sukobima na prostorima Bliskog Istoka i Afrike.<\/p>\n","protected":false},"author":1,"featured_media":188,"parent":95,"menu_order":0,"comment_status":"closed","ping_status":"closed","template":"","meta":{"give_campaign_id":0,"footnotes":""},"class_list":["post-100","page","type-page","status-publish","has-post-thumbnail","hentry"],"campaignId":"","_links":{"self":[{"href":"https:\/\/caritas-srem.rs\/index.php?rest_route=\/wp\/v2\/pages\/100","targetHints":{"allow":["GET"]}}],"collection":[{"href":"https:\/\/caritas-srem.rs\/index.php?rest_route=\/wp\/v2\/pages"}],"about":[{"href":"https:\/\/caritas-srem.rs\/index.php?rest_route=\/wp\/v2\/types\/page"}],"author":[{"embeddable":true,"href":"https:\/\/caritas-srem.rs\/index.php?rest_route=\/wp\/v2\/users\/1"}],"replies":[{"embeddable":true,"href":"https:\/\/caritas-srem.rs\/index.php?rest_route=%2Fwp%2Fv2%2Fcomments&post=100"}],"version-history":[{"count":5,"href":"https:\/\/caritas-srem.rs\/index.php?rest_route=\/wp\/v2\/pages\/100\/revisions"}],"predecessor-version":[{"id":271,"href":"https:\/\/caritas-srem.rs\/index.php?rest_route=\/wp\/v2\/pages\/100\/revisions\/271"}],"up":[{"embeddable":true,"href":"https:\/\/caritas-srem.rs\/index.php?rest_route=\/wp\/v2\/pages\/95"}],"wp:featuredmedia":[{"embeddable":true,"href":"https:\/\/caritas-srem.rs\/index.php?rest_route=\/wp\/v2\/media\/188"}],"wp:attachment":[{"href":"https:\/\/caritas-srem.rs\/index.php?rest_route=%2Fwp%2Fv2%2Fmedia&parent=100"}],"curies":[{"name":"wp","href":"https:\/\/api.w.org\/{rel}","templated":true}]}}