{"id":102,"date":"2017-09-08T12:35:05","date_gmt":"2017-09-08T12:35:05","guid":{"rendered":"http:\/\/caritas-srem.rs\/?page_id=102"},"modified":"2022-04-14T09:48:02","modified_gmt":"2022-04-14T09:48:02","slug":"projekat-3-dom-sv-elizabeta-ugarska","status":"publish","type":"page","link":"https:\/\/caritas-srem.rs\/?page_id=102","title":{"rendered":"Projekat Dom Sv. Elizabeta Ugarska"},"content":{"rendered":"<p>Kroz program ku\u0107ne njege koji je sprovo\u0111en dugi niz godina na teritoriji Srijema, pokazalo se da postoji potreba za dugoro\u010dnom brigom i zbrinjavanjem starijih osoba koje \u017eive u siroma\u0161tvu i koje su socijalno ugro\u017eene.<\/p>\n<p><!--more--><\/p>\n<p>Biskupijski Caritas Srijem je u suradnji sa Caritasom biskupije Bolzano \u2013 Bressanone \/ Bozen &#8211; Brixen iz Italije 2015. godine pokrenuo projekat izgradnje obiteljske ku\u0107e za siroma\u0161ne i napu\u0161tene stare osobe kako bi odgovorio na njihove egzistencijalne potrebe.<\/p>\n<p>Model obiteljske ku\u0107e osigurava da korisnici ostvare sve svoje potrebe u doma\u0107oj, obiteljskoj atmosferi a uz to zadr\u017ee svoje navike, svoju samostalnost i obiteljske i prijateljske odnose, pru\u017ea im se i mogu\u0107nost da obogate svoj \u017eivot razli\u010ditim aktivnostima, steknu nova prijateljstva a istovremeno imaju potporu socijalnih i zdravstvenih suradnika.<\/p>\n<p>Obiteljska ku\u0107a za siroma\u0161ne i napu\u0161tene stare osobe \u201eSveta Elizabeta Ugarska\u201c nalazi se u Maradiku, malom i mirnom mjestu u Srijemu, u potpunosti je opremljena i mo\u017ee primiti \u0161est korisnika.<\/p>\n<p>Prvi korisnici su do\u0161li krajem 2018 godine.<\/p>\n<p><iframe loading=\"lazy\" title=\"Gra\u0111anin - 11. februar 2022.\" width=\"1154\" height=\"649\" src=\"https:\/\/www.youtube.com\/embed\/ZYMtzRJrXCo?start=37&#038;feature=oembed\" frameborder=\"0\" allow=\"accelerometer; autoplay; clipboard-write; encrypted-media; gyroscope; picture-in-picture\" allowfullscreen><\/iframe><\/p>\n ","protected":false},"excerpt":{"rendered":"<p>Kroz program ku\u0107ne njege koji je sprovo\u0111en dugi niz godina na teritoriji Srijema, pokazalo se da postoji potreba za dugoro\u010dnom brigom i zbrinjavanjem starijih osoba koje \u017eive u siroma\u0161tvu i koje su socijalno ugro\u017eene.<\/p>\n","protected":false},"author":1,"featured_media":416,"parent":95,"menu_order":0,"comment_status":"closed","ping_status":"closed","template":"","meta":{"give_campaign_id":0,"footnotes":""},"class_list":["post-102","page","type-page","status-publish","has-post-thumbnail","hentry"],"campaignId":"","_links":{"self":[{"href":"https:\/\/caritas-srem.rs\/index.php?rest_route=\/wp\/v2\/pages\/102","targetHints":{"allow":["GET"]}}],"collection":[{"href":"https:\/\/caritas-srem.rs\/index.php?rest_route=\/wp\/v2\/pages"}],"about":[{"href":"https:\/\/caritas-srem.rs\/index.php?rest_route=\/wp\/v2\/types\/page"}],"author":[{"embeddable":true,"href":"https:\/\/caritas-srem.rs\/index.php?rest_route=\/wp\/v2\/users\/1"}],"replies":[{"embeddable":true,"href":"https:\/\/caritas-srem.rs\/index.php?rest_route=%2Fwp%2Fv2%2Fcomments&post=102"}],"version-history":[{"count":6,"href":"https:\/\/caritas-srem.rs\/index.php?rest_route=\/wp\/v2\/pages\/102\/revisions"}],"predecessor-version":[{"id":1088,"href":"https:\/\/caritas-srem.rs\/index.php?rest_route=\/wp\/v2\/pages\/102\/revisions\/1088"}],"up":[{"embeddable":true,"href":"https:\/\/caritas-srem.rs\/index.php?rest_route=\/wp\/v2\/pages\/95"}],"wp:featuredmedia":[{"embeddable":true,"href":"https:\/\/caritas-srem.rs\/index.php?rest_route=\/wp\/v2\/media\/416"}],"wp:attachment":[{"href":"https:\/\/caritas-srem.rs\/index.php?rest_route=%2Fwp%2Fv2%2Fmedia&parent=102"}],"curies":[{"name":"wp","href":"https:\/\/api.w.org\/{rel}","templated":true}]}}