{"id":104,"date":"2017-09-08T12:35:53","date_gmt":"2017-09-08T12:35:53","guid":{"rendered":"http:\/\/caritas-srem.rs\/?page_id=104"},"modified":"2018-09-06T19:35:46","modified_gmt":"2018-09-06T19:35:46","slug":"projekat-4-disaster-risk-reduction-drr-2017","status":"publish","type":"page","link":"https:\/\/caritas-srem.rs\/?page_id=104","title":{"rendered":"Projekat Disaster Risk Reduction DRR"},"content":{"rendered":"<p>Nakon katastrofalnih poplava koje su zadesile teritoriju Srbije, Hrvatske i Bosne i Hercegovine 2014. godine postalo je jasno da je potrebno raditi na prevenciji i boljoj edukaciji stanovni\u0161tva u tom pogledu.<\/p>\n<p><!--more--><\/p>\n<p>Elementarne nepogode su prirodne pojave i nije ih mogu\u0107e sprije\u010diti, ali je i mogu\u0107e i potrebno u\u010diniti sve da se otklone ili barem ubla\u017ee te\u0161ke posljedice koje one izazivaju.<\/p>\n<p>U tom cillju, Caritas Srijem se 2015. godine uklju\u010dio u projekat smanjivanja rizika od prirodnih katastrofa koji sprovodi Caritas Srbije uz pomo\u0107 i podr\u0161ku Caritasa Austrije, a od\u00a0 2018. godine nastavak aktivnosti omogu\u0107io je Caritas Njema\u010dke.<\/p>\n<p>Caritas Srijem je na svojoj teritoriji preko \u017eupnih caritasa i lokalne samouprave organizirao niz aktivnosti u mjestima koja su bila pogo\u0111ena poplavama kao \u0161to je \u010di\u0161\u0107enje kanala, ure\u0111enje nasipa, uklanjanje deponija sme\u0107a, sa\u0111enje drve\u0107a kako bi se stvorili prirodni vjetrobrani&#8230;.<\/p>\n<p>Organizirane su razli\u010dite edukativne radionice u \u0161kolama i lokalnoj samoupravi. Radionice su se uz pomo\u0107 stru\u010dnih suradnika, vatrogasaca i policije bavile edukacijom stanovni\u0161tva, posebno djece i imale za cilj nau\u010diti ih kako se pona\u0161ati u vanrednim situacijama u slu\u010daju zemljotresa, po\u017eara, poplave ili neke druge elementarne nepogode odnosno kako smanjiti rizike od istih. Za djecu razli\u010ditih uzrasta osigurani su i edukativni materijali, slikovnice, knjige, dru\u0161tvene igre na temu elementarnih nepogoda i sli\u010dno.<\/p>\n ","protected":false},"excerpt":{"rendered":"<p>Nakon katastrofalnih poplava koje su zadesile teritoriju Srbije, Hrvatske i Bosne i Hercegovine 2014. godine postalo je jasno da je potrebno raditi na prevenciji i boljoj edukaciji stanovni\u0161tva u tom pogledu.<\/p>\n","protected":false},"author":1,"featured_media":199,"parent":95,"menu_order":0,"comment_status":"closed","ping_status":"closed","template":"","meta":{"give_campaign_id":0,"footnotes":""},"class_list":["post-104","page","type-page","status-publish","has-post-thumbnail","hentry"],"campaignId":"","_links":{"self":[{"href":"https:\/\/caritas-srem.rs\/index.php?rest_route=\/wp\/v2\/pages\/104","targetHints":{"allow":["GET"]}}],"collection":[{"href":"https:\/\/caritas-srem.rs\/index.php?rest_route=\/wp\/v2\/pages"}],"about":[{"href":"https:\/\/caritas-srem.rs\/index.php?rest_route=\/wp\/v2\/types\/page"}],"author":[{"embeddable":true,"href":"https:\/\/caritas-srem.rs\/index.php?rest_route=\/wp\/v2\/users\/1"}],"replies":[{"embeddable":true,"href":"https:\/\/caritas-srem.rs\/index.php?rest_route=%2Fwp%2Fv2%2Fcomments&post=104"}],"version-history":[{"count":7,"href":"https:\/\/caritas-srem.rs\/index.php?rest_route=\/wp\/v2\/pages\/104\/revisions"}],"predecessor-version":[{"id":268,"href":"https:\/\/caritas-srem.rs\/index.php?rest_route=\/wp\/v2\/pages\/104\/revisions\/268"}],"up":[{"embeddable":true,"href":"https:\/\/caritas-srem.rs\/index.php?rest_route=\/wp\/v2\/pages\/95"}],"wp:featuredmedia":[{"embeddable":true,"href":"https:\/\/caritas-srem.rs\/index.php?rest_route=\/wp\/v2\/media\/199"}],"wp:attachment":[{"href":"https:\/\/caritas-srem.rs\/index.php?rest_route=%2Fwp%2Fv2%2Fmedia&parent=104"}],"curies":[{"name":"wp","href":"https:\/\/api.w.org\/{rel}","templated":true}]}}