{"id":174,"date":"2018-09-05T18:00:17","date_gmt":"2018-09-05T18:00:17","guid":{"rendered":"http:\/\/caritas-srem.rs\/?page_id=174"},"modified":"2018-09-06T19:39:41","modified_gmt":"2018-09-06T19:39:41","slug":"volonteri","status":"publish","type":"page","link":"https:\/\/caritas-srem.rs\/?page_id=174","title":{"rendered":"Volonteri"},"content":{"rendered":"<p>Karitativno djelovanje onih koji rade isti\u010de se po tome da se posve\u0107uju drugima iskrenom pa\u017enjom koja izvire iz srca a koja je posljedica vjere u Boga i ljubav, jer, Bog je ljubav. Prakti\u010dno djelovanje je, i bi\u0107e uvijek, nedovoljno ukoliko nije izraz ljubavi prema \u010dovjeku.<\/p>\n<p>Papa Benedikt XVI je, razmatraju\u0107i temu karitativnog djelovanja, u jednoj svojoj enciklici napisao \u00a0da je ljubav besplatna i da se djela ljubavi ne \u010dine radi postizanja drugih ciljeva a da je zadatak crkvene karitativne organizacije osna\u017eiti tu svijest kod svojih \u010dlanova tako da oni svojim djelovanjem, govorom i primjerom mogu biti vjerodostojni Kristovi svjedoci.<\/p>\n<p>U tom smislu, osnovno obilje\u017eje karitativnog djelovanja i rada Caritasa su volonteri &#8211; osobe koje su istinski humanisti i koje su spremne odvojiti svoje vrijeme, podijeliti svoje znanje i ulo\u017eiti odre\u0111eni trud radi pomo\u0107i ljudima i na dobrobit zajednice.<\/p>\n<p>Caritas Srijem okuplja ve\u0107i broj volontera razli\u010ditih godina, zanimanja, politi\u010dkih opredjeljenja, nacionalne i vjerske pripadnosti. Ono \u0161to ih povezuje i \u0161to je jedino bitno je \u017eelja da se pomogne drugome. Oni su na terenu, u neposrednom kontaktu sa potrebitima i \u201edu\u0161a\u201c karitativnog djelovanja u biskupiji i \u017eupama.<\/p>\n<p>Kako bi se unaprijedio rad i omogu\u0107ila edukacija volontera, Caritas svake godine organizira susret volontera u svojoj biskupiji i redovito u\u010destvuje na nacionalnim susretima volontera. Susreti volontera su svojevrsni vid dru\u017eenja kroz rad i odli\u010dna prilika za \u0161irenje mre\u017ee volontera.<\/p>\n ","protected":false},"excerpt":{"rendered":"<p>Karitativno djelovanje onih koji rade isti\u010de se po tome da se posve\u0107uju drugima iskrenom pa\u017enjom koja izvire iz srca a koja je posljedica vjere u Boga i ljubav, jer, Bog je ljubav. Prakti\u010dno djelovanje je, i bi\u0107e uvijek, nedovoljno ukoliko nije izraz ljubavi prema \u010dovjeku. Papa Benedikt XVI je, razmatraju\u0107i temu karitativnog djelovanja, u jednoj &hellip; <a href=\"https:\/\/caritas-srem.rs\/?page_id=174\" class=\"more-link\">Continue reading <span class=\"screen-reader-text\">Volonteri<\/span><\/a><\/p>\n","protected":false},"author":1,"featured_media":0,"parent":0,"menu_order":0,"comment_status":"closed","ping_status":"closed","template":"","meta":{"give_campaign_id":0,"footnotes":""},"class_list":["post-174","page","type-page","status-publish","hentry"],"campaignId":"","_links":{"self":[{"href":"https:\/\/caritas-srem.rs\/index.php?rest_route=\/wp\/v2\/pages\/174","targetHints":{"allow":["GET"]}}],"collection":[{"href":"https:\/\/caritas-srem.rs\/index.php?rest_route=\/wp\/v2\/pages"}],"about":[{"href":"https:\/\/caritas-srem.rs\/index.php?rest_route=\/wp\/v2\/types\/page"}],"author":[{"embeddable":true,"href":"https:\/\/caritas-srem.rs\/index.php?rest_route=\/wp\/v2\/users\/1"}],"replies":[{"embeddable":true,"href":"https:\/\/caritas-srem.rs\/index.php?rest_route=%2Fwp%2Fv2%2Fcomments&post=174"}],"version-history":[{"count":4,"href":"https:\/\/caritas-srem.rs\/index.php?rest_route=\/wp\/v2\/pages\/174\/revisions"}],"predecessor-version":[{"id":273,"href":"https:\/\/caritas-srem.rs\/index.php?rest_route=\/wp\/v2\/pages\/174\/revisions\/273"}],"wp:attachment":[{"href":"https:\/\/caritas-srem.rs\/index.php?rest_route=%2Fwp%2Fv2%2Fmedia&parent=174"}],"curies":[{"name":"wp","href":"https:\/\/api.w.org\/{rel}","templated":true}]}}