{"id":236,"date":"2018-09-06T10:28:13","date_gmt":"2018-09-06T10:28:13","guid":{"rendered":"http:\/\/caritas-srem.rs\/?page_id=236"},"modified":"2018-09-10T23:07:34","modified_gmt":"2018-09-10T23:07:34","slug":"caritas-bolzano-bressanone-2","status":"publish","type":"page","link":"https:\/\/caritas-srem.rs\/?page_id=236","title":{"rendered":"Caritas Bolzano &#8211; Bressanone \/ Bozen &#8211; Brixen"},"content":{"rendered":"<p>Biskupijski caritas Srijem za mnoge svoje aktivnosti kroz predhodni period mo\u017ee zahvaliti \u00a0partnerskom odnosu s caritasom Bolzano \u2013Bressanone. Ovaj caritas iz Ju\u017enog Tirola ima veliko iskustvo u implementiranju projekata u kriznim sredinama\u00a0 a Srijemska biskupija je upravo\u00a0 pro\u0161la kroz te\u0161ko vrijeme rata u Hrvatskoj , Bosni i Hercegovini te na Kosovu. Sve je doprinijelo odlasku mla\u0111ih\u00a0 vjernika s prostora Srijeme i ostanku starije populacije koja je \u017eivjela siroma\u0161no\u00a0 i neizvjesno. Predstavnici caritasa Bolzano su nas posjetili i dogovorili daljne korake na\u0161ih odnosa i na koji na\u010din\u00a0 nam \u017eele pomo\u0107i.<\/p>\n<p>Svoje aktivnosti su usmjerili radu sa starima, mladima kao i pomo\u0107 poljoprivrednicima. Bila je to ispru\u017eena ruka solidarnosti crkve i ljudi dobre volje. Ubrzo nakon dogovora o partnerstvu\u00a0 posjetio nas je biskup iz Bolzana Mons. Eger te direktor g. Franc Krip sa svojim suradnicima.<\/p>\n<p>U radu sa starima osnovani su mobilni timovi ku\u0107ne njege u Srijemskoj Mitrovici,Rumi,\u0160idu i Staroj Pazovi.\u00a0 U najintenzivnijem radu ku\u0107ne njege caritasovi timovi su posje\u0107ivali i pomagali oko\u00a0 dvjesto osoba.<\/p>\n<p>Rad s poljoprivrednicima je podrazumijevao\u00a0 projekat \u201eSemi di speranca\u201c u kojem je pomognut zna\u010dajan broj poljoprivrednika koji su uzgajali\u00a0 razli\u010dite ratarske\u00a0 kulture s kojima su pomognute mnoge bolnice,domovi starih i dr jer smo im dostavljali svije\u017ee povr\u0107e\u00a0 kako bi ubla\u017eili tada\u0161nje te\u0161ko stanje u opskrbi istih.<\/p>\n<p>Druga faza rada s poljoprivrednicima i zanatlijama podrazumijevala je pomo\u0107 u mikrokreditima koje su mogli slobodno koristiti i time pospje\u0161iti svoju proizvodnju razli\u010ditih biljnjih kultura. Umjesto kamate svaki korisnik mikrokredita je prona\u0161ao uz pomo\u0107 \u017eupnika druge siroma\u0161ne osobe i njima uru\u010dio poklon od svoga proizvoda.<\/p>\n<p>U radu s mladima\u00a0 caritas je pomogao skoro svakoj zajednici mladih u srijemskoj biskupiji.Nekoji su uzeli kompjutere, nekoji narodne no\u0161nje a neki muzi\u010dke instrumente. Tako\u0111er mladima je pomognuto pla\u0107anju prijevoza do mjesta \u0161kolovanja ili stanovanje kao i kuhinje u studentskim menzama.<\/p>\n<p>Caritas Bolzano\u00a0 je uvijek prisutan kada je te\u0161ko i djeluje urgentno kao i dugoro\u010dno \u0161to je njihova vizija. U tom kontekstu su pomogli u saniranju\u00a0 poplava u Jameni selu \u0160idske op\u0107ine.<\/p>\n<p>I danas caritas Bolzano \u2013Bressanone poma\u017ee na razli\u010dite na\u010dine. Jedna od veoma lijepih akcija je pomo\u0107 u nabavljanju ogreva za zimu siroma\u0161nim obiteljima i pojedincima. Pomo\u0107 se distribuira svake godine u deset \u017eupa. Njihova pomo\u0107 poti\u010de mnoge obitelji da dadnu svoj doprinos za kupovinu i distribuciju ogrevnog drveta.<\/p>\n<p>Akcija distribuiranja ogrevnog drveta je pomogla da prilikom posjeta Mons. Ive Musera, biskupa, obiteljima u potrebi vidjev\u0161i te\u017eak \u017eivot nekih osoba, caritas Bolzano-Bresanone donese odluku gradnje doma Sv. Elizabeta u Maradiku.<\/p>\n<p>S po\u0161tovanjem se u Srijemskoj biskupiji govori o biskupiji i caritasu Bolzano o svim akcijama koje su poduzeli i jo\u0161 uvijek\u00a0 poduzimaju. Biskupija Srijemska i caritas Srijem su zahvalni svima koji vode biskupiju i caritas\u00a0 Bolzano te vijernicima i svim ljudima dobre volje koji imaju srca i osje\u0107aja za potrebne u biskupiji.<\/p>\n ","protected":false},"excerpt":{"rendered":"<p>Biskupijski caritas Srijem za mnoge svoje aktivnosti kroz predhodni period mo\u017ee zahvaliti \u00a0partnerskom odnosu s caritasom Bolzano \u2013Bressanone. Ovaj caritas iz Ju\u017enog Tirola ima veliko iskustvo u implementiranju projekata u kriznim sredinama\u00a0 a Srijemska biskupija je upravo\u00a0 pro\u0161la kroz te\u0161ko vrijeme rata u Hrvatskoj , Bosni i Hercegovini te na Kosovu. Sve je doprinijelo odlasku &hellip; <a href=\"https:\/\/caritas-srem.rs\/?page_id=236\" class=\"more-link\">Continue reading <span class=\"screen-reader-text\">Caritas Bolzano &#8211; Bressanone \/ Bozen &#8211; Brixen<\/span><\/a><\/p>\n","protected":false},"author":1,"featured_media":295,"parent":0,"menu_order":0,"comment_status":"closed","ping_status":"closed","template":"","meta":{"give_campaign_id":0,"footnotes":""},"class_list":["post-236","page","type-page","status-publish","has-post-thumbnail","hentry"],"campaignId":"","_links":{"self":[{"href":"https:\/\/caritas-srem.rs\/index.php?rest_route=\/wp\/v2\/pages\/236","targetHints":{"allow":["GET"]}}],"collection":[{"href":"https:\/\/caritas-srem.rs\/index.php?rest_route=\/wp\/v2\/pages"}],"about":[{"href":"https:\/\/caritas-srem.rs\/index.php?rest_route=\/wp\/v2\/types\/page"}],"author":[{"embeddable":true,"href":"https:\/\/caritas-srem.rs\/index.php?rest_route=\/wp\/v2\/users\/1"}],"replies":[{"embeddable":true,"href":"https:\/\/caritas-srem.rs\/index.php?rest_route=%2Fwp%2Fv2%2Fcomments&post=236"}],"version-history":[{"count":3,"href":"https:\/\/caritas-srem.rs\/index.php?rest_route=\/wp\/v2\/pages\/236\/revisions"}],"predecessor-version":[{"id":291,"href":"https:\/\/caritas-srem.rs\/index.php?rest_route=\/wp\/v2\/pages\/236\/revisions\/291"}],"wp:featuredmedia":[{"embeddable":true,"href":"https:\/\/caritas-srem.rs\/index.php?rest_route=\/wp\/v2\/media\/295"}],"wp:attachment":[{"href":"https:\/\/caritas-srem.rs\/index.php?rest_route=%2Fwp%2Fv2%2Fmedia&parent=236"}],"curies":[{"name":"wp","href":"https:\/\/api.w.org\/{rel}","templated":true}]}}