{"id":240,"date":"2018-09-06T10:32:38","date_gmt":"2018-09-06T10:32:38","guid":{"rendered":"http:\/\/caritas-srem.rs\/?page_id=240"},"modified":"2018-09-06T20:46:52","modified_gmt":"2018-09-06T20:46:52","slug":"projekat-legna-da-ardere","status":"publish","type":"page","link":"https:\/\/caritas-srem.rs\/?page_id=240","title":{"rendered":"Projekat Legna da ardere"},"content":{"rendered":"<p>Caritas Bolzano &#8211; Bressanone \/ Bozen &#8211; Brixen je kroz dugi niz godina podr\u017eavao kroz posjete biskupa i delegacija, uvi\u0111ao potrebe siroma\u0161nog stanovni\u0161tva Srijema. U tom kontekstu je donosio odluke kako, na koji na\u010din i kroz koje projekte djelovati.<br \/>\n<!--more--><\/p>\n<p>Jedan od veoma va\u017enih projekata je raspodjela ogrevnog drveta u deset \u017eupa. U suradnji sa \u017eupnicima, do\u0161lo se do osoba koje su u potrebi. Njima se u prosjeku svake godine dodjeljuje 3 metra ogrevnog drveta. Na tom poslu se anga\u017eiraju volonteri koji u zajedno sa \u017eupnicima obilaze teren i indetificiraju potrebne.<\/p>\n<p>Akcija raspodjele drva nailazi na veoma lijep prijem kod ljudi tako da se i drugi anga\u017eiraju te\u00a0 svojim makar minimalnim sredstvima tako\u0111er poma\u017eu ovu akciju. Do sada su pomognute \u017eupe: Hrtkovci, Nikinci, Plati\u010devo, \u010cerevi\u0107, Beo\u010din, Srijemska Kamenica, Petrovaradin, Srijemski Karlovci, Golubinci, Be\u0161ka, Maradik, Novi Slankamen, Sur\u010din i Zemun.<\/p>\n<p>&nbsp;<\/p>\n ","protected":false},"excerpt":{"rendered":"<p>Caritas Bolzano &#8211; Bressanone \/ Bozen &#8211; Brixen je kroz dugi niz godina podr\u017eavao kroz posjete biskupa i delegacija, uvi\u0111ao potrebe siroma\u0161nog stanovni\u0161tva Srijema. U tom kontekstu je donosio odluke kako, na koji na\u010din i kroz koje projekte djelovati.<\/p>\n","protected":false},"author":1,"featured_media":282,"parent":95,"menu_order":0,"comment_status":"closed","ping_status":"closed","template":"","meta":{"give_campaign_id":0,"footnotes":""},"class_list":["post-240","page","type-page","status-publish","has-post-thumbnail","hentry"],"campaignId":"","_links":{"self":[{"href":"https:\/\/caritas-srem.rs\/index.php?rest_route=\/wp\/v2\/pages\/240","targetHints":{"allow":["GET"]}}],"collection":[{"href":"https:\/\/caritas-srem.rs\/index.php?rest_route=\/wp\/v2\/pages"}],"about":[{"href":"https:\/\/caritas-srem.rs\/index.php?rest_route=\/wp\/v2\/types\/page"}],"author":[{"embeddable":true,"href":"https:\/\/caritas-srem.rs\/index.php?rest_route=\/wp\/v2\/users\/1"}],"replies":[{"embeddable":true,"href":"https:\/\/caritas-srem.rs\/index.php?rest_route=%2Fwp%2Fv2%2Fcomments&post=240"}],"version-history":[{"count":7,"href":"https:\/\/caritas-srem.rs\/index.php?rest_route=\/wp\/v2\/pages\/240\/revisions"}],"predecessor-version":[{"id":646,"href":"https:\/\/caritas-srem.rs\/index.php?rest_route=\/wp\/v2\/pages\/240\/revisions\/646"}],"up":[{"embeddable":true,"href":"https:\/\/caritas-srem.rs\/index.php?rest_route=\/wp\/v2\/pages\/95"}],"wp:featuredmedia":[{"embeddable":true,"href":"https:\/\/caritas-srem.rs\/index.php?rest_route=\/wp\/v2\/media\/282"}],"wp:attachment":[{"href":"https:\/\/caritas-srem.rs\/index.php?rest_route=%2Fwp%2Fv2%2Fmedia&parent=240"}],"curies":[{"name":"wp","href":"https:\/\/api.w.org\/{rel}","templated":true}]}}