{"id":8,"date":"2017-09-05T13:17:50","date_gmt":"2017-09-05T13:17:50","guid":{"rendered":"http:\/\/caritas-srem.rs\/?page_id=8"},"modified":"2018-09-06T19:29:04","modified_gmt":"2018-09-06T19:29:04","slug":"about","status":"publish","type":"page","link":"https:\/\/caritas-srem.rs\/?page_id=8","title":{"rendered":"O Nama"},"content":{"rendered":"<p>Osnovan je 1992. godine od strane sve\u0107enika u Srijemu kada je to podru\u010dje bilo dio \u0110akova\u010dko Srijemske biskupije. 1999. godine otvorena je \u00a0kancelarija u Petrovaradinu. Ponovnom uspostavom Srijemske biskupije 2008. godine preregistriran je u Biskupijski Caritas Srijem. \u010clan\u00a0 je Caritasa Srbije, a preko njega i \u010dlan Caritasa Europe i Caritasa Internacionalis.<\/p>\n<p>Zbog povijesne povezanosti, Caritas Srijem gaji posebne veze sa \u0110akova\u010dko \u2013 Osje\u010dkom nadbiskupijom i njihovim Caritasom kao i mnogim drugim u Republici Hrvatskoj.<\/p>\n<p>2001. godine uspostvaljen je partnerski odnos sa Caritasom biskupije Bolzano \u2013 Bressanone \/ Bozen &#8211; Brixen iz Italije koji na razli\u010dite na\u010dine traje i danas. Suradnja je zapo\u010dela radom sa starima u vidu ku\u0107ne njege, pomo\u0107i poljoprivrednicima kroz program Sjeme nade ( Semi di speranza ) i radom sa mladima. Tokom godina suradnja se pro\u0161irila i na mnoge druge aktivnosti.<\/p>\n<p>Samostalno i sa partnerima, ostvareni su programi pomo\u0107i rada mnogih institucija kao \u0161to su centri za socijalni rad, bolnice, dje\u010dje ustanove&#8230; \u00a0Ostvareno je i u\u010de\u0161\u0107e u projektu \u201ePromatranje siroma\u0161tva i resursa na teritoriji Srbije\u201c koji je inicirao Caritas Europe.<\/p>\n<p>Caritas se, tako\u0111er, bavi i prikupljanjem i podjelom humanitarne pomo\u0107i u kriznim situacijama.<\/p>\n<p>Od po\u010detka svog rada, vode\u0107i se osnovnim na\u010delom kr\u0161\u0107anske vjere, ljubavi prema bli\u017enjem, kao i time da je svaki \u010dovjek neizmerna vrijednost, aktivnosti Caritasa Srijem usmjerene su prema svima koji su u potrebi bez obzira na vjeroispovest i nacionalnost.<\/p>\n ","protected":false},"excerpt":{"rendered":"<p>Osnovan je 1992. godine od strane sve\u0107enika u Srijemu kada je to podru\u010dje bilo dio \u0110akova\u010dko Srijemske biskupije. 1999. godine otvorena je \u00a0kancelarija u Petrovaradinu. Ponovnom uspostavom Srijemske biskupije 2008. godine preregistriran je u Biskupijski Caritas Srijem. \u010clan\u00a0 je Caritasa Srbije, a preko njega i \u010dlan Caritasa Europe i Caritasa Internacionalis. Zbog povijesne povezanosti, Caritas &hellip; <a href=\"https:\/\/caritas-srem.rs\/?page_id=8\" class=\"more-link\">Continue reading <span class=\"screen-reader-text\">O Nama<\/span><\/a><\/p>\n","protected":false},"author":1,"featured_media":0,"parent":0,"menu_order":0,"comment_status":"closed","ping_status":"closed","template":"","meta":{"give_campaign_id":0,"footnotes":""},"class_list":["post-8","page","type-page","status-publish","hentry"],"campaignId":"","_links":{"self":[{"href":"https:\/\/caritas-srem.rs\/index.php?rest_route=\/wp\/v2\/pages\/8","targetHints":{"allow":["GET"]}}],"collection":[{"href":"https:\/\/caritas-srem.rs\/index.php?rest_route=\/wp\/v2\/pages"}],"about":[{"href":"https:\/\/caritas-srem.rs\/index.php?rest_route=\/wp\/v2\/types\/page"}],"author":[{"embeddable":true,"href":"https:\/\/caritas-srem.rs\/index.php?rest_route=\/wp\/v2\/users\/1"}],"replies":[{"embeddable":true,"href":"https:\/\/caritas-srem.rs\/index.php?rest_route=%2Fwp%2Fv2%2Fcomments&post=8"}],"version-history":[{"count":7,"href":"https:\/\/caritas-srem.rs\/index.php?rest_route=\/wp\/v2\/pages\/8\/revisions"}],"predecessor-version":[{"id":266,"href":"https:\/\/caritas-srem.rs\/index.php?rest_route=\/wp\/v2\/pages\/8\/revisions\/266"}],"wp:attachment":[{"href":"https:\/\/caritas-srem.rs\/index.php?rest_route=%2Fwp%2Fv2%2Fmedia&parent=8"}],"curies":[{"name":"wp","href":"https:\/\/api.w.org\/{rel}","templated":true}]}}