{"id":98,"date":"2017-09-08T12:33:39","date_gmt":"2017-09-08T12:33:39","guid":{"rendered":"http:\/\/caritas-srem.rs\/?page_id=98"},"modified":"2018-09-06T19:39:16","modified_gmt":"2018-09-06T19:39:16","slug":"projekat-1-razvoj-zupnih-caritasa","status":"publish","type":"page","link":"https:\/\/caritas-srem.rs\/?page_id=98","title":{"rendered":"Projekat Razvoj \u017eupnih Caritasa"},"content":{"rendered":"<p>U biskupiji pod okriljem Caritasa djeluju i \u017eupni caritasi. Njihov rad se, kroz razli\u010dite programe, zasniva na pomo\u0107i \u017eupljanima kao i lokalnom stanovni\u0161tvu koje je u potrebi.<\/p>\n<p><!--more--><\/p>\n<p>Naj\u010de\u0161\u0107e se bave neposrednim sprovo\u0111enjem projekata Caritasa Srijem. Poseban doprinos su dali kroz program pra\u0107enja siroma\u0161tva, podjele humanitarne pomo\u0107i u urgentnim situacijama, drva za ogrev, obiteljskih paketa i kroz razli\u010dite vidove pomo\u0107i za djecu i pomo\u0107i kroz programe ku\u0107ne njege.<\/p>\n<p>Ku\u0107na njega je jedan od osnovnih programa gde se \u017eupni caritasi i njihovi volonteri posebno isti\u010du poma\u017eu\u0107i starima, nemo\u0107nima i svima koji nisu u mogu\u0107nosti sami ostvarivati svoje potrebe. Volonteri obilaze potrebite, poma\u017eu im u ku\u0107i, idu u nabavku i dru\u017ee se sa njima.<\/p>\n<p>Pojedini \u017eupni caritasi imaju i svoje samostalne projekte koje su tokom godina uspje\u0161no sprovodili i pomogli mnogim \u017eupljanima i lokalnom stanovni\u0161tvu.<\/p>\n<p>U tom smislu, Caritas Srijem ima za cilj pomagati, podr\u017eati i osna\u017eiti \u017eupne caritase koji su u neposrednoj vezi sa svojim \u017eupljanima i najbolje znaju njihove potrebe. Poseban zadatak je animirati volontere u lokalnim zajednicama kako bi se \u0161to vi\u0161e uklju\u010dili u karitativne aktivnosti.<\/p>\n ","protected":false},"excerpt":{"rendered":"<p>U biskupiji pod okriljem Caritasa djeluju i \u017eupni caritasi. Njihov rad se, kroz razli\u010dite programe, zasniva na pomo\u0107i \u017eupljanima kao i lokalnom stanovni\u0161tvu koje je u potrebi.<\/p>\n","protected":false},"author":1,"featured_media":200,"parent":95,"menu_order":0,"comment_status":"closed","ping_status":"closed","template":"","meta":{"give_campaign_id":0,"footnotes":""},"class_list":["post-98","page","type-page","status-publish","has-post-thumbnail","hentry"],"campaignId":"","_links":{"self":[{"href":"https:\/\/caritas-srem.rs\/index.php?rest_route=\/wp\/v2\/pages\/98","targetHints":{"allow":["GET"]}}],"collection":[{"href":"https:\/\/caritas-srem.rs\/index.php?rest_route=\/wp\/v2\/pages"}],"about":[{"href":"https:\/\/caritas-srem.rs\/index.php?rest_route=\/wp\/v2\/types\/page"}],"author":[{"embeddable":true,"href":"https:\/\/caritas-srem.rs\/index.php?rest_route=\/wp\/v2\/users\/1"}],"replies":[{"embeddable":true,"href":"https:\/\/caritas-srem.rs\/index.php?rest_route=%2Fwp%2Fv2%2Fcomments&post=98"}],"version-history":[{"count":8,"href":"https:\/\/caritas-srem.rs\/index.php?rest_route=\/wp\/v2\/pages\/98\/revisions"}],"predecessor-version":[{"id":1938,"href":"https:\/\/caritas-srem.rs\/index.php?rest_route=\/wp\/v2\/pages\/98\/revisions\/1938"}],"up":[{"embeddable":true,"href":"https:\/\/caritas-srem.rs\/index.php?rest_route=\/wp\/v2\/pages\/95"}],"wp:featuredmedia":[{"embeddable":true,"href":"https:\/\/caritas-srem.rs\/index.php?rest_route=\/wp\/v2\/media\/200"}],"wp:attachment":[{"href":"https:\/\/caritas-srem.rs\/index.php?rest_route=%2Fwp%2Fv2%2Fmedia&parent=98"}],"curies":[{"name":"wp","href":"https:\/\/api.w.org\/{rel}","templated":true}]}}